{"id":2482,"date":"2020-11-02T09:09:03","date_gmt":"2020-11-02T14:09:03","guid":{"rendered":"https:\/\/a3quebec.wpengine.com\/homepage\/"},"modified":"2026-03-30T10:40:05","modified_gmt":"2026-03-30T14:40:05","slug":"homepage","status":"publish","type":"page","link":"https:\/\/www.a3quebec.com\/en\/","title":{"rendered":"Homepage"},"content":{"rendered":"\n<p class=\"has-vivid-red-color has-text-color\">[Text in gray for SEO purposes &#8211; not visible on frontend &#8211; do not edit]<\/p>\n\n<p class=\"has-cyan-bluish-gray-color has-text-color\"><strong>A3 Wine, Beer and Spirits Agencies<\/strong> brings together the wine, beer and spirits agencies to allow Quebecers to enjoy a wide variety of quality products from around the world at a fair price. <\/p>\n\n<h3 class=\"wp-block-heading has-cyan-bluish-gray-color has-text-color\">Agents, crops to glass &#8211; A3<\/h3>\n\n<p class=\"has-cyan-bluish-gray-color has-text-color\">Because they know the market and how it works, agents are essential players in the SAQ&#8217;s work. They advise the producers they represent to access and develop the Quebec market. <\/p>\n\n<h4 class=\"wp-block-heading has-cyan-bluish-gray-color has-text-color\">Directory of members<\/h4>\n\n<h4 class=\"wp-block-heading has-cyan-bluish-gray-color has-text-color\">Need an agent?<\/h4>\n\n<h6 class=\"wp-block-heading has-cyan-bluish-gray-color has-text-color\">Are you a wine, beer and\/or spirits <strong>producer<\/strong> looking for an agent to represent you with the SAQ in Quebec?<\/h6>\n\n<p><a href=\"https:\/\/a3quebec.wpengine.com\/prix-des-vins-et-spiritueux-un-ajustement-indispensable-vu-le-contexte-economique-actuel\/\" target=\"_blank\" rel=\"noopener noreferrer\">Wine and spirits prices: an essential adjustment given the current economic context<\/a><\/p>\n\n<p class=\"has-cyan-bluish-gray-color has-text-color\">Montr\u00e9al, 31 octobre 2022 \u2013 Du 26 septembre au 7 octobre dernier, les agences membres d\u2019A3 ont n\u00e9goci\u00e9, au nom des producteurs et fournisseurs qu\u2019ils repr\u00e9sentent, le prix d\u00e9part de plusieurs centaines de produits en pr\u00e8s de 10 jours avec [\u2026]<\/p>\n\n<p><a href=\"https:\/\/a3quebec.wpengine.com\/prix-des-vins-et-spiritueux-un-reflet-de-la-situation-economique-actuelle\/\" target=\"_blank\" rel=\"noopener noreferrer\">Wine and spirits prices: a reflection of the current economic situation<\/a><\/p>\n\n<p class=\"has-cyan-bluish-gray-color has-text-color\">Montreal, May 16, 2022 &#8211; From April 11 to 21, the members of A3 &#8211; Les agences de vins, bi\u00e8res et spiritueux negotiated the starting price of several hundred products in some 10 days. Negotiated on behalf of their producers and suppliers, the starting price is [&#8230;]. <\/p>\n\n<h3 class=\"wp-block-heading has-cyan-bluish-gray-color has-text-color\">Events<\/h3>\n\n<p class=\"has-cyan-bluish-gray-color has-text-color\">A3 organizes various events for industry professionals and Quebec consumers to highlight the diversity of its members and the different product universes they represent.<\/p>\n\n<p class=\"has-cyan-bluish-gray-color has-text-color\">La Grande D\u00e9gustation de Montr\u00e9al.<\/p>\n\n<figure class=\"wp-block-image size-full\"><img decoding=\"async\" src=\"https:\/\/www.a3quebec.com\/wp-content\/uploads\/2023\/07\/A3_logo_headerEN_standard250.png\" alt=\"\" class=\"wp-image-4134\"\/><\/figure>\n\n<p><\/p>\n\n<p><\/p>\n","protected":false},"excerpt":{"rendered":"<p>[Text in gray for SEO purposes &#8211; not visible on frontend &#8211; do not edit] A3 Wine, Beer and Spirits Agencies brings together the wine, beer and spirits agencies to allow Quebecers to enjoy a wide variety of quality products<span class=\"excerpt-hellip\"> [\u2026]<\/span><\/p>\n","protected":false},"author":1,"featured_media":0,"parent":0,"menu_order":0,"comment_status":"open","ping_status":"closed","template":"","meta":{"footnotes":""},"class_list":["post-2482","page","type-page","status-publish","hentry"],"yoast_head":"<!-- This site is optimized with the Yoast SEO plugin v27.2 - https:\/\/yoast.com\/product\/yoast-seo-wordpress\/ -->\n<title>A3 Qu\u00e9bec - Association of wine, beer and spirits agencies<\/title>\n<meta name=\"description\" content=\"A3 Quebec represents wine, beer and spirits agencies to offer Quebecers a wide variety of products at a fair price.\" \/>\n<meta name=\"robots\" content=\"index, follow, max-snippet:-1, max-image-preview:large, max-video-preview:-1\" \/>\n<link rel=\"canonical\" href=\"https:\/\/www.a3quebec.com\/en\/\" \/>\n<meta property=\"og:locale\" content=\"en_US\" \/>\n<meta property=\"og:type\" content=\"article\" \/>\n<meta property=\"og:title\" content=\"A3 Qu\u00e9bec - Association of wine, beer and spirits agencies\" \/>\n<meta property=\"og:description\" content=\"A3 Quebec represents wine, beer and spirits agencies to offer Quebecers a wide variety of products at a fair price.\" \/>\n<meta property=\"og:url\" content=\"https:\/\/www.a3quebec.com\/en\/\" \/>\n<meta property=\"og:site_name\" content=\"A3Qu\u00e9bec\" \/>\n<meta property=\"article:publisher\" content=\"https:\/\/www.facebook.com\/A3QUEBEC?locale=fr_FR\" \/>\n<meta property=\"article:modified_time\" content=\"2026-03-30T14:40:05+00:00\" \/>\n<meta property=\"og:image\" content=\"https:\/\/www.a3quebec.com\/wp-content\/uploads\/2023\/07\/A3_logo_header_standard250_sans-marge.png\" \/>\n\t<meta property=\"og:image:width\" content=\"250\" \/>\n\t<meta property=\"og:image:height\" content=\"176\" \/>\n\t<meta property=\"og:image:type\" content=\"image\/png\" \/>\n<meta name=\"twitter:card\" content=\"summary_large_image\" \/>\n<meta name=\"twitter:site\" content=\"@A3Quebec\" \/>\n<meta name=\"twitter:label1\" content=\"Est. reading time\" \/>\n\t<meta name=\"twitter:data1\" content=\"1 minute\" \/>\n<script type=\"application\/ld+json\" class=\"yoast-schema-graph\">{\"@context\":\"https:\/\/schema.org\",\"@graph\":[{\"@type\":\"WebPage\",\"@id\":\"https:\/\/www.a3quebec.com\/en\/\",\"url\":\"https:\/\/www.a3quebec.com\/en\/\",\"name\":\"A3 Qu\u00e9bec - Association of wine, beer and spirits agencies\",\"isPartOf\":{\"@id\":\"https:\/\/www.a3quebec.com\/en\/#website\"},\"primaryImageOfPage\":{\"@id\":\"https:\/\/www.a3quebec.com\/en\/#primaryimage\"},\"image\":{\"@id\":\"https:\/\/www.a3quebec.com\/en\/#primaryimage\"},\"thumbnailUrl\":\"https:\/\/www.a3quebec.com\/wp-content\/uploads\/2023\/07\/A3_logo_headerEN_standard250.png\",\"datePublished\":\"2020-11-02T14:09:03+00:00\",\"dateModified\":\"2026-03-30T14:40:05+00:00\",\"description\":\"A3 Quebec represents wine, beer and spirits agencies to offer Quebecers a wide variety of products at a fair price.\",\"breadcrumb\":{\"@id\":\"https:\/\/www.a3quebec.com\/en\/#breadcrumb\"},\"inLanguage\":\"en-US\",\"potentialAction\":[{\"@type\":\"ReadAction\",\"target\":[\"https:\/\/www.a3quebec.com\/en\/\"]}]},{\"@type\":\"ImageObject\",\"inLanguage\":\"en-US\",\"@id\":\"https:\/\/www.a3quebec.com\/en\/#primaryimage\",\"url\":\"https:\/\/www.a3quebec.com\/wp-content\/uploads\/2023\/07\/A3_logo_headerEN_standard250.png\",\"contentUrl\":\"https:\/\/www.a3quebec.com\/wp-content\/uploads\/2023\/07\/A3_logo_headerEN_standard250.png\"},{\"@type\":\"BreadcrumbList\",\"@id\":\"https:\/\/www.a3quebec.com\/en\/#breadcrumb\",\"itemListElement\":[{\"@type\":\"ListItem\",\"position\":1,\"name\":\"Accueil\",\"item\":\"https:\/\/www.a3quebec.com\/en\/\"},{\"@type\":\"ListItem\",\"position\":2,\"name\":\"Homepage\"}]},{\"@type\":\"WebSite\",\"@id\":\"https:\/\/www.a3quebec.com\/en\/#website\",\"url\":\"https:\/\/www.a3quebec.com\/en\/\",\"name\":\"A3 Qu\u00e9bec\",\"description\":\"Association des agences d&#039;alcool\",\"publisher\":{\"@id\":\"https:\/\/www.a3quebec.com\/en\/#organization\"},\"potentialAction\":[{\"@type\":\"SearchAction\",\"target\":{\"@type\":\"EntryPoint\",\"urlTemplate\":\"https:\/\/www.a3quebec.com\/en\/?s={search_term_string}\"},\"query-input\":{\"@type\":\"PropertyValueSpecification\",\"valueRequired\":true,\"valueName\":\"search_term_string\"}}],\"inLanguage\":\"en-US\"},{\"@type\":\"Organization\",\"@id\":\"https:\/\/www.a3quebec.com\/en\/#organization\",\"name\":\"A3 Qu\u00e9bec\",\"url\":\"https:\/\/www.a3quebec.com\/en\/\",\"logo\":{\"@type\":\"ImageObject\",\"inLanguage\":\"en-US\",\"@id\":\"https:\/\/www.a3quebec.com\/en\/#\/schema\/logo\/image\/\",\"url\":\"https:\/\/a3quebec.wpengine.com\/wp-content\/uploads\/2023\/02\/A3_logo_RVB_slogan-cote-500.png\",\"contentUrl\":\"https:\/\/a3quebec.wpengine.com\/wp-content\/uploads\/2023\/02\/A3_logo_RVB_slogan-cote-500.png\",\"width\":500,\"height\":259,\"caption\":\"A3 Qu\u00e9bec\"},\"image\":{\"@id\":\"https:\/\/www.a3quebec.com\/en\/#\/schema\/logo\/image\/\"},\"sameAs\":[\"https:\/\/www.facebook.com\/A3QUEBEC?locale=fr_FR\",\"https:\/\/x.com\/A3Quebec\",\"https:\/\/www.instagram.com\/a3quebec\/\"]}]}<\/script>\n<!-- \/ Yoast SEO plugin. -->","yoast_head_json":{"title":"A3 Qu\u00e9bec - Association of wine, beer and spirits agencies","description":"A3 Quebec represents wine, beer and spirits agencies to offer Quebecers a wide variety of products at a fair price.","robots":{"index":"index","follow":"follow","max-snippet":"max-snippet:-1","max-image-preview":"max-image-preview:large","max-video-preview":"max-video-preview:-1"},"canonical":"https:\/\/www.a3quebec.com\/en\/","og_locale":"en_US","og_type":"article","og_title":"A3 Qu\u00e9bec - Association of wine, beer and spirits agencies","og_description":"A3 Quebec represents wine, beer and spirits agencies to offer Quebecers a wide variety of products at a fair price.","og_url":"https:\/\/www.a3quebec.com\/en\/","og_site_name":"A3Qu\u00e9bec","article_publisher":"https:\/\/www.facebook.com\/A3QUEBEC?locale=fr_FR","article_modified_time":"2026-03-30T14:40:05+00:00","og_image":[{"width":250,"height":176,"url":"https:\/\/www.a3quebec.com\/wp-content\/uploads\/2023\/07\/A3_logo_header_standard250_sans-marge.png","type":"image\/png"}],"twitter_card":"summary_large_image","twitter_site":"@A3Quebec","twitter_misc":{"Est. reading time":"1 minute"},"schema":{"@context":"https:\/\/schema.org","@graph":[{"@type":"WebPage","@id":"https:\/\/www.a3quebec.com\/en\/","url":"https:\/\/www.a3quebec.com\/en\/","name":"A3 Qu\u00e9bec - Association of wine, beer and spirits agencies","isPartOf":{"@id":"https:\/\/www.a3quebec.com\/en\/#website"},"primaryImageOfPage":{"@id":"https:\/\/www.a3quebec.com\/en\/#primaryimage"},"image":{"@id":"https:\/\/www.a3quebec.com\/en\/#primaryimage"},"thumbnailUrl":"https:\/\/www.a3quebec.com\/wp-content\/uploads\/2023\/07\/A3_logo_headerEN_standard250.png","datePublished":"2020-11-02T14:09:03+00:00","dateModified":"2026-03-30T14:40:05+00:00","description":"A3 Quebec represents wine, beer and spirits agencies to offer Quebecers a wide variety of products at a fair price.","breadcrumb":{"@id":"https:\/\/www.a3quebec.com\/en\/#breadcrumb"},"inLanguage":"en-US","potentialAction":[{"@type":"ReadAction","target":["https:\/\/www.a3quebec.com\/en\/"]}]},{"@type":"ImageObject","inLanguage":"en-US","@id":"https:\/\/www.a3quebec.com\/en\/#primaryimage","url":"https:\/\/www.a3quebec.com\/wp-content\/uploads\/2023\/07\/A3_logo_headerEN_standard250.png","contentUrl":"https:\/\/www.a3quebec.com\/wp-content\/uploads\/2023\/07\/A3_logo_headerEN_standard250.png"},{"@type":"BreadcrumbList","@id":"https:\/\/www.a3quebec.com\/en\/#breadcrumb","itemListElement":[{"@type":"ListItem","position":1,"name":"Accueil","item":"https:\/\/www.a3quebec.com\/en\/"},{"@type":"ListItem","position":2,"name":"Homepage"}]},{"@type":"WebSite","@id":"https:\/\/www.a3quebec.com\/en\/#website","url":"https:\/\/www.a3quebec.com\/en\/","name":"A3 Qu\u00e9bec","description":"Association des agences d&#039;alcool","publisher":{"@id":"https:\/\/www.a3quebec.com\/en\/#organization"},"potentialAction":[{"@type":"SearchAction","target":{"@type":"EntryPoint","urlTemplate":"https:\/\/www.a3quebec.com\/en\/?s={search_term_string}"},"query-input":{"@type":"PropertyValueSpecification","valueRequired":true,"valueName":"search_term_string"}}],"inLanguage":"en-US"},{"@type":"Organization","@id":"https:\/\/www.a3quebec.com\/en\/#organization","name":"A3 Qu\u00e9bec","url":"https:\/\/www.a3quebec.com\/en\/","logo":{"@type":"ImageObject","inLanguage":"en-US","@id":"https:\/\/www.a3quebec.com\/en\/#\/schema\/logo\/image\/","url":"https:\/\/a3quebec.wpengine.com\/wp-content\/uploads\/2023\/02\/A3_logo_RVB_slogan-cote-500.png","contentUrl":"https:\/\/a3quebec.wpengine.com\/wp-content\/uploads\/2023\/02\/A3_logo_RVB_slogan-cote-500.png","width":500,"height":259,"caption":"A3 Qu\u00e9bec"},"image":{"@id":"https:\/\/www.a3quebec.com\/en\/#\/schema\/logo\/image\/"},"sameAs":["https:\/\/www.facebook.com\/A3QUEBEC?locale=fr_FR","https:\/\/x.com\/A3Quebec","https:\/\/www.instagram.com\/a3quebec\/"]}]}},"_links":{"self":[{"href":"https:\/\/www.a3quebec.com\/en\/wp-json\/wp\/v2\/pages\/2482","targetHints":{"allow":["GET"]}}],"collection":[{"href":"https:\/\/www.a3quebec.com\/en\/wp-json\/wp\/v2\/pages"}],"about":[{"href":"https:\/\/www.a3quebec.com\/en\/wp-json\/wp\/v2\/types\/page"}],"author":[{"embeddable":true,"href":"https:\/\/www.a3quebec.com\/en\/wp-json\/wp\/v2\/users\/1"}],"replies":[{"embeddable":true,"href":"https:\/\/www.a3quebec.com\/en\/wp-json\/wp\/v2\/comments?post=2482"}],"version-history":[{"count":0,"href":"https:\/\/www.a3quebec.com\/en\/wp-json\/wp\/v2\/pages\/2482\/revisions"}],"wp:attachment":[{"href":"https:\/\/www.a3quebec.com\/en\/wp-json\/wp\/v2\/media?parent=2482"}],"curies":[{"name":"wp","href":"https:\/\/api.w.org\/{rel}","templated":true}]}}